{"id":929,"date":"2021-09-06T16:54:16","date_gmt":"2021-09-06T14:54:16","guid":{"rendered":"https:\/\/vincentrillardon.com\/?page_id=929"},"modified":"2021-09-10T15:20:48","modified_gmt":"2021-09-10T13:20:48","slug":"a-propos","status":"publish","type":"page","link":"https:\/\/vincentrillardon.com\/index.php\/a-propos\/","title":{"rendered":"A propos"},"content":{"rendered":"\n<p>N\u00e9 au pied de la Cha\u00eene des Puys en 1973, Vincent Rillardon se consacre \u00e0 la photo de la vie sauvage depuis 2007.<\/p>\n\n\n\n<p>Par le biais de l\u2019image il cherche \u00e0 nous faire d\u00e9couvrir la faune sauvage qui nous entoure dans ce qu\u2019elle a de plus intime et de plus rare, avec un souci constant de la recherche esth\u00e9tique. Naturaliste, Vincent aime utiliser des images fortes afin de sensibiliser le public \u00e0 la biodiversit\u00e9 et au respect de l\u2019environnement. Ses photos ont \u00e9t\u00e9 r\u00e9alis\u00e9es \u00e0 l&rsquo;approche ou \u00e0 l&rsquo;aff\u00fbt, sans nourrissage ni app\u00e2t, avec le souci permanent de respecter la tranquillit\u00e9 de la vie sauvage. Elles sont le fruit de nombreuses heures de recherche, de pistage, d&rsquo;\u00e9tude&#8230; et d&rsquo;attente.<\/p>\n\n\n\n<p>Le photographe appelle ses contemporains \u00e0 la contemplation de la Nature. Son travail photographique est une premi\u00e8re invitation et ne doit pas \u00eatre consomm\u00e9 \u00e0 la h\u00e2te.<\/p>\n\n\n\n<p>La po\u00e9sie de ses images se d\u00e9voile dans des atmosph\u00e8res graphiques, oniriques, o\u00f9 le spectateur pourra d\u00e9buter un voyage personnel vers la Nature sauvage. <\/p>\n\n\n\n<ul class=\"wp-block-social-links is-style-pill-shape is-layout-flex wp-block-social-links-is-layout-flex\"><li class=\"wp-social-link wp-social-link-instagram  wp-block-social-link\"><a href=\"https:\/\/www.instagram.com\/vincent_rillardon_photography\/\" class=\"wp-block-social-link-anchor\"><svg width=\"24\" height=\"24\" viewBox=\"0 0 24 24\" version=\"1.1\" xmlns=\"http:\/\/www.w3.org\/2000\/svg\" aria-hidden=\"true\" focusable=\"false\"><path d=\"M12,4.622c2.403,0,2.688,0.009,3.637,0.052c0.877,0.04,1.354,0.187,1.671,0.31c0.42,0.163,0.72,0.358,1.035,0.673 c0.315,0.315,0.51,0.615,0.673,1.035c0.123,0.317,0.27,0.794,0.31,1.671c0.043,0.949,0.052,1.234,0.052,3.637 s-0.009,2.688-0.052,3.637c-0.04,0.877-0.187,1.354-0.31,1.671c-0.163,0.42-0.358,0.72-0.673,1.035 c-0.315,0.315-0.615,0.51-1.035,0.673c-0.317,0.123-0.794,0.27-1.671,0.31c-0.949,0.043-1.233,0.052-3.637,0.052 s-2.688-0.009-3.637-0.052c-0.877-0.04-1.354-0.187-1.671-0.31c-0.42-0.163-0.72-0.358-1.035-0.673 c-0.315-0.315-0.51-0.615-0.673-1.035c-0.123-0.317-0.27-0.794-0.31-1.671C4.631,14.688,4.622,14.403,4.622,12 s0.009-2.688,0.052-3.637c0.04-0.877,0.187-1.354,0.31-1.671c0.163-0.42,0.358-0.72,0.673-1.035 c0.315-0.315,0.615-0.51,1.035-0.673c0.317-0.123,0.794-0.27,1.671-0.31C9.312,4.631,9.597,4.622,12,4.622 M12,3 C9.556,3,9.249,3.01,8.289,3.054C7.331,3.098,6.677,3.25,6.105,3.472C5.513,3.702,5.011,4.01,4.511,4.511 c-0.5,0.5-0.808,1.002-1.038,1.594C3.25,6.677,3.098,7.331,3.054,8.289C3.01,9.249,3,9.556,3,12c0,2.444,0.01,2.751,0.054,3.711 c0.044,0.958,0.196,1.612,0.418,2.185c0.23,0.592,0.538,1.094,1.038,1.594c0.5,0.5,1.002,0.808,1.594,1.038 c0.572,0.222,1.227,0.375,2.185,0.418C9.249,20.99,9.556,21,12,21s2.751-0.01,3.711-0.054c0.958-0.044,1.612-0.196,2.185-0.418 c0.592-0.23,1.094-0.538,1.594-1.038c0.5-0.5,0.808-1.002,1.038-1.594c0.222-0.572,0.375-1.227,0.418-2.185 C20.99,14.751,21,14.444,21,12s-0.01-2.751-0.054-3.711c-0.044-0.958-0.196-1.612-0.418-2.185c-0.23-0.592-0.538-1.094-1.038-1.594 c-0.5-0.5-1.002-0.808-1.594-1.038c-0.572-0.222-1.227-0.375-2.185-0.418C14.751,3.01,14.444,3,12,3L12,3z M12,7.378 c-2.552,0-4.622,2.069-4.622,4.622S9.448,16.622,12,16.622s4.622-2.069,4.622-4.622S14.552,7.378,12,7.378z M12,15 c-1.657,0-3-1.343-3-3s1.343-3,3-3s3,1.343,3,3S13.657,15,12,15z M16.804,6.116c-0.596,0-1.08,0.484-1.08,1.08 s0.484,1.08,1.08,1.08c0.596,0,1.08-0.484,1.08-1.08S17.401,6.116,16.804,6.116z\"><\/path><\/svg><span class=\"wp-block-social-link-label screen-reader-text\">Instagram<\/span><\/a><\/li>\n\n<li class=\"wp-social-link wp-social-link-facebook  wp-block-social-link\"><a href=\"https:\/\/www.facebook.com\/vincentrillardonphotography\/\" class=\"wp-block-social-link-anchor\"><svg width=\"24\" height=\"24\" viewBox=\"0 0 24 24\" version=\"1.1\" xmlns=\"http:\/\/www.w3.org\/2000\/svg\" aria-hidden=\"true\" focusable=\"false\"><path d=\"M12 2C6.5 2 2 6.5 2 12c0 5 3.7 9.1 8.4 9.9v-7H7.9V12h2.5V9.8c0-2.5 1.5-3.9 3.8-3.9 1.1 0 2.2.2 2.2.2v2.5h-1.3c-1.2 0-1.6.8-1.6 1.6V12h2.8l-.4 2.9h-2.3v7C18.3 21.1 22 17 22 12c0-5.5-4.5-10-10-10z\"><\/path><\/svg><span class=\"wp-block-social-link-label screen-reader-text\">Facebook<\/span><\/a><\/li><\/ul>\n\n\n\n<p><\/p>\n","protected":false},"excerpt":{"rendered":"<p>N\u00e9 au pied de la Cha\u00eene des Puys en 1973, Vincent Rillardon se consacre \u00e0 la photo de la vie sauvage depuis 2007. Par le biais de l\u2019image il cherche \u00e0 nous faire d\u00e9couvrir la faune sauvage qui nous entoure dans ce qu\u2019elle a de plus intime et de plus rare, avec un souci constant de la recherche esth\u00e9tique. Naturaliste, Vincent aime utiliser des images fortes afin de sensibiliser le public \u00e0 la biodiversit\u00e9 et au respect de l\u2019environnement. Ses photos ont \u00e9t\u00e9 r\u00e9alis\u00e9es \u00e0 l&rsquo;approche ou \u00e0 l&rsquo;aff\u00fbt, sans nourrissage ni app\u00e2t, avec le souci permanent de respecter la tranquillit\u00e9 de la vie sauvage. Elles sont le fruit de nombreuses heures de recherche, de pistage, d&rsquo;\u00e9tude&#8230; et d&rsquo;attente. Le photographe appelle ses contemporains \u00e0 la contemplation de la Nature. Son travail photographique est une premi\u00e8re invitation et ne doit pas \u00eatre consomm\u00e9 \u00e0 la h\u00e2te. La po\u00e9sie de ses..<\/p>\n","protected":false},"author":1,"featured_media":931,"parent":0,"menu_order":0,"comment_status":"closed","ping_status":"closed","template":"","meta":{"_monsterinsights_skip_tracking":false,"_monsterinsights_sitenote_active":false,"_monsterinsights_sitenote_note":"","_monsterinsights_sitenote_category":0,"ngg_post_thumbnail":0,"footnotes":""},"aioseo_notices":[],"jetpack_sharing_enabled":true,"_links":{"self":[{"href":"https:\/\/vincentrillardon.com\/index.php\/wp-json\/wp\/v2\/pages\/929"}],"collection":[{"href":"https:\/\/vincentrillardon.com\/index.php\/wp-json\/wp\/v2\/pages"}],"about":[{"href":"https:\/\/vincentrillardon.com\/index.php\/wp-json\/wp\/v2\/types\/page"}],"author":[{"embeddable":true,"href":"https:\/\/vincentrillardon.com\/index.php\/wp-json\/wp\/v2\/users\/1"}],"replies":[{"embeddable":true,"href":"https:\/\/vincentrillardon.com\/index.php\/wp-json\/wp\/v2\/comments?post=929"}],"version-history":[{"count":7,"href":"https:\/\/vincentrillardon.com\/index.php\/wp-json\/wp\/v2\/pages\/929\/revisions"}],"predecessor-version":[{"id":2106,"href":"https:\/\/vincentrillardon.com\/index.php\/wp-json\/wp\/v2\/pages\/929\/revisions\/2106"}],"wp:featuredmedia":[{"embeddable":true,"href":"https:\/\/vincentrillardon.com\/index.php\/wp-json\/wp\/v2\/media\/931"}],"wp:attachment":[{"href":"https:\/\/vincentrillardon.com\/index.php\/wp-json\/wp\/v2\/media?parent=929"}],"curies":[{"name":"wp","href":"https:\/\/api.w.org\/{rel}","templated":true}]}}