{"id":2404,"date":"2022-12-05T16:35:54","date_gmt":"2022-12-05T15:35:54","guid":{"rendered":"https:\/\/vincentrillardon.com\/index.php\/produit\/hoodie-with-logo-3\/#"},"modified":"2022-12-08T16:19:46","modified_gmt":"2022-12-08T15:19:46","slug":"hoodie-with-logo-3","status":"publish","type":"product","link":"https:\/\/vincentrillardon.com\/index.php\/produit\/hoodie-with-logo-3\/#","title":{"rendered":"Evanescence automnale #05 \u00ab Oserez-vous ? \u00bb"},"content":{"rendered":"","protected":false},"excerpt":{"rendered":"<table width=\"294\">\n<tbody>\n<tr>\n<td width=\"294\">\n<table width=\"294\">\n<tbody>\n<tr>\n<td width=\"294\">Cette photographie est tir\u00e9e sur un papier d&rsquo;art aquarelle Hahnem\u00fchle Torchon contrecoll\u00e9 sur Dibond. Le tirage est limit\u00e9 \u00e0 5 exemplaires, num\u00e9rot\u00e9s et sign\u00e9s.<\/td>\n<\/tr>\n<\/tbody>\n<\/table>\n<\/td>\n<\/tr>\n<\/tbody>\n<\/table>\n<p>&nbsp;<\/p>\n","protected":false},"featured_media":675,"template":"","meta":{"_monsterinsights_skip_tracking":false,"_monsterinsights_sitenote_active":false,"_monsterinsights_sitenote_note":"","_monsterinsights_sitenote_category":0,"ngg_post_thumbnail":0},"product_cat":[288,309],"product_tag":[],"aioseo_notices":[],"jetpack_sharing_enabled":true,"_links":{"self":[{"href":"https:\/\/vincentrillardon.com\/index.php\/wp-json\/wp\/v2\/product\/2404"}],"collection":[{"href":"https:\/\/vincentrillardon.com\/index.php\/wp-json\/wp\/v2\/product"}],"about":[{"href":"https:\/\/vincentrillardon.com\/index.php\/wp-json\/wp\/v2\/types\/product"}],"wp:featuredmedia":[{"embeddable":true,"href":"https:\/\/vincentrillardon.com\/index.php\/wp-json\/wp\/v2\/media\/675"}],"wp:attachment":[{"href":"https:\/\/vincentrillardon.com\/index.php\/wp-json\/wp\/v2\/media?parent=2404"}],"wp:term":[{"taxonomy":"product_cat","embeddable":true,"href":"https:\/\/vincentrillardon.com\/index.php\/wp-json\/wp\/v2\/product_cat?post=2404"},{"taxonomy":"product_tag","embeddable":true,"href":"https:\/\/vincentrillardon.com\/index.php\/wp-json\/wp\/v2\/product_tag?post=2404"}],"curies":[{"name":"wp","href":"https:\/\/api.w.org\/{rel}","templated":true}]}}