{"id":2479,"date":"2022-12-09T15:14:29","date_gmt":"2022-12-09T14:14:29","guid":{"rendered":"https:\/\/vincentrillardon.com\/?post_type=product&#038;p=2479#"},"modified":"2022-12-09T15:14:29","modified_gmt":"2022-12-09T14:14:29","slug":"coquelicot-solo-47-5-x-23-5-cm-2","status":"publish","type":"product","link":"https:\/\/vincentrillardon.com\/index.php\/produit\/coquelicot-solo-47-5-x-23-5-cm-2\/#","title":{"rendered":"Coquelicot solo (47.5 X 23.5 cm)"},"content":{"rendered":"<table width=\"294\">\n<tbody>\n<tr>\n<td width=\"294\">Cette photographie d&rsquo;un coquelicot dans les bl\u00e9s est tir\u00e9e sur un papier d&rsquo;art aquarelle Hahnem\u00fchle Torchon. Le tirage est limit\u00e9 \u00e0 5 exemplaires, num\u00e9rot\u00e9s et sign\u00e9s.<\/td>\n<\/tr>\n<\/tbody>\n<\/table>\n","protected":false},"excerpt":{"rendered":"<p>Cette photographie d&rsquo;un coquelicot dans les bl\u00e9s est tir\u00e9e sur un papier d&rsquo;art aquarelle Hahnem\u00fchle Torchon. Le tirage est limit\u00e9 \u00e0 5 exemplaires, num\u00e9rot\u00e9s et sign\u00e9s.<\/p>\n","protected":false},"featured_media":626,"template":"","meta":{"_monsterinsights_skip_tracking":false,"_monsterinsights_sitenote_active":false,"_monsterinsights_sitenote_note":"","_monsterinsights_sitenote_category":0,"ngg_post_thumbnail":0},"product_cat":[285],"product_tag":[],"aioseo_notices":[],"jetpack_sharing_enabled":true,"_links":{"self":[{"href":"https:\/\/vincentrillardon.com\/index.php\/wp-json\/wp\/v2\/product\/2479"}],"collection":[{"href":"https:\/\/vincentrillardon.com\/index.php\/wp-json\/wp\/v2\/product"}],"about":[{"href":"https:\/\/vincentrillardon.com\/index.php\/wp-json\/wp\/v2\/types\/product"}],"wp:featuredmedia":[{"embeddable":true,"href":"https:\/\/vincentrillardon.com\/index.php\/wp-json\/wp\/v2\/media\/626"}],"wp:attachment":[{"href":"https:\/\/vincentrillardon.com\/index.php\/wp-json\/wp\/v2\/media?parent=2479"}],"wp:term":[{"taxonomy":"product_cat","embeddable":true,"href":"https:\/\/vincentrillardon.com\/index.php\/wp-json\/wp\/v2\/product_cat?post=2479"},{"taxonomy":"product_tag","embeddable":true,"href":"https:\/\/vincentrillardon.com\/index.php\/wp-json\/wp\/v2\/product_tag?post=2479"}],"curies":[{"name":"wp","href":"https:\/\/api.w.org\/{rel}","templated":true}]}}