{"id":2481,"date":"2022-12-09T15:16:59","date_gmt":"2022-12-09T14:16:59","guid":{"rendered":"https:\/\/vincentrillardon.com\/?post_type=product&#038;p=2481#"},"modified":"2022-12-09T15:16:59","modified_gmt":"2022-12-09T14:16:59","slug":"tirage-papier-aquarelle-guifette-noire-20-x-28-7-cm-sur-dibond","status":"publish","type":"product","link":"https:\/\/vincentrillardon.com\/index.php\/produit\/tirage-papier-aquarelle-guifette-noire-20-x-28-7-cm-sur-dibond\/#","title":{"rendered":"Tirage papier aquarelle Guifette noire (20 X 28.7 cm) sur Dibond"},"content":{"rendered":"<table width=\"294\">\n<tbody>\n<tr>\n<td width=\"294\">Cette photographie d\u2019une guifette noire est tir\u00e9e sur un papier d&rsquo;art de type aquarelle Hahnem\u00fchle Torchon. La photographie est contrecoll\u00e9e sur une plaque rigide de Dibond 3mm, avec une attache-murale au dos.<\/td>\n<\/tr>\n<\/tbody>\n<\/table>\n","protected":false},"excerpt":{"rendered":"<p>Cette photographie d\u2019une guifette noire est tir\u00e9e sur un papier d&rsquo;art de type aquarelle Hahnem\u00fchle Torchon. La photographie est contrecoll\u00e9e sur une plaque rigide de Dibond 3mm, avec une attache-murale au dos.<\/p>\n","protected":false},"featured_media":253,"template":"","meta":{"_monsterinsights_skip_tracking":false,"_monsterinsights_sitenote_active":false,"_monsterinsights_sitenote_note":"","_monsterinsights_sitenote_category":0,"ngg_post_thumbnail":0},"product_cat":[301],"product_tag":[],"aioseo_notices":[],"jetpack_sharing_enabled":true,"_links":{"self":[{"href":"https:\/\/vincentrillardon.com\/index.php\/wp-json\/wp\/v2\/product\/2481"}],"collection":[{"href":"https:\/\/vincentrillardon.com\/index.php\/wp-json\/wp\/v2\/product"}],"about":[{"href":"https:\/\/vincentrillardon.com\/index.php\/wp-json\/wp\/v2\/types\/product"}],"wp:featuredmedia":[{"embeddable":true,"href":"https:\/\/vincentrillardon.com\/index.php\/wp-json\/wp\/v2\/media\/253"}],"wp:attachment":[{"href":"https:\/\/vincentrillardon.com\/index.php\/wp-json\/wp\/v2\/media?parent=2481"}],"wp:term":[{"taxonomy":"product_cat","embeddable":true,"href":"https:\/\/vincentrillardon.com\/index.php\/wp-json\/wp\/v2\/product_cat?post=2481"},{"taxonomy":"product_tag","embeddable":true,"href":"https:\/\/vincentrillardon.com\/index.php\/wp-json\/wp\/v2\/product_tag?post=2481"}],"curies":[{"name":"wp","href":"https:\/\/api.w.org\/{rel}","templated":true}]}}