{"id":2490,"date":"2022-12-09T15:31:13","date_gmt":"2022-12-09T14:31:13","guid":{"rendered":"https:\/\/vincentrillardon.com\/?post_type=product&#038;p=2490#"},"modified":"2022-12-09T15:31:13","modified_gmt":"2022-12-09T14:31:13","slug":"tirage-evanescence-automnale-09-sur-papier-lustre","status":"publish","type":"product","link":"https:\/\/vincentrillardon.com\/index.php\/produit\/tirage-evanescence-automnale-09-sur-papier-lustre\/#","title":{"rendered":"Tirage Evanescence automnale # 09 sur Papier Lustr\u00e9"},"content":{"rendered":"","protected":false},"excerpt":{"rendered":"<table width=\"294\">\n<tbody>\n<tr>\n<td width=\"294\">Cette photographie est tir\u00e9e sur un papier d&rsquo;art Hahnem\u00fchle Luster. Le tirage est limit\u00e9 \u00e0 5 exemplaires, num\u00e9rot\u00e9s et sign\u00e9s.<\/p>\n<p>Cadre : 43 X 33 cm Photographie : 28.5 X 20 cm<\/td>\n<\/tr>\n<\/tbody>\n<\/table>\n","protected":false},"featured_media":623,"template":"","meta":{"_monsterinsights_skip_tracking":false,"_monsterinsights_sitenote_active":false,"_monsterinsights_sitenote_note":"","_monsterinsights_sitenote_category":0,"ngg_post_thumbnail":0},"product_cat":[288],"product_tag":[],"aioseo_notices":[],"jetpack_sharing_enabled":true,"_links":{"self":[{"href":"https:\/\/vincentrillardon.com\/index.php\/wp-json\/wp\/v2\/product\/2490"}],"collection":[{"href":"https:\/\/vincentrillardon.com\/index.php\/wp-json\/wp\/v2\/product"}],"about":[{"href":"https:\/\/vincentrillardon.com\/index.php\/wp-json\/wp\/v2\/types\/product"}],"wp:featuredmedia":[{"embeddable":true,"href":"https:\/\/vincentrillardon.com\/index.php\/wp-json\/wp\/v2\/media\/623"}],"wp:attachment":[{"href":"https:\/\/vincentrillardon.com\/index.php\/wp-json\/wp\/v2\/media?parent=2490"}],"wp:term":[{"taxonomy":"product_cat","embeddable":true,"href":"https:\/\/vincentrillardon.com\/index.php\/wp-json\/wp\/v2\/product_cat?post=2490"},{"taxonomy":"product_tag","embeddable":true,"href":"https:\/\/vincentrillardon.com\/index.php\/wp-json\/wp\/v2\/product_tag?post=2490"}],"curies":[{"name":"wp","href":"https:\/\/api.w.org\/{rel}","templated":true}]}}