{"id":2500,"date":"2022-12-16T14:57:46","date_gmt":"2022-12-16T13:57:46","guid":{"rendered":"https:\/\/vincentrillardon.com\/?post_type=product&#038;p=2500#"},"modified":"2022-12-16T15:15:00","modified_gmt":"2022-12-16T14:15:00","slug":"tirages-aquarelles-ecorpsces","status":"publish","type":"product","link":"https:\/\/vincentrillardon.com\/index.php\/produit\/tirages-aquarelles-ecorpsces\/#","title":{"rendered":"Tirages aquarelles \u00c9[corps]ces"},"content":{"rendered":"","protected":false},"excerpt":{"rendered":"<p>Tirages sur papier d\u2019Art Hahnem\u00fchle Fine Art Torchon, de type aquarelle, au grain tr\u00e8s prononc\u00e9 mettant en valeur la<br \/>\ntridimensionnalit\u00e9 de l\u2019\u0153uvre. Tirages contrecoll\u00e9s sur support Dibond extra-rigide, ne subissant pas de d\u00e9formation.<br \/>\nTous les tirages de l\u2019exposition \u00c9 [ c o r p s ] c e s sont en vente au prix unitaire de 100 euros.<br \/>\nDimensions : 31.9 cm X 47.3 cm<br \/>\nLes photographies sont \u00e9galement disponibles \u00e0 d\u2019autres formats, sur demande.<\/p>\n","protected":false},"featured_media":693,"template":"","meta":{"_monsterinsights_skip_tracking":false,"_monsterinsights_sitenote_active":false,"_monsterinsights_sitenote_note":"","_monsterinsights_sitenote_category":0,"ngg_post_thumbnail":0},"product_cat":[289],"product_tag":[],"aioseo_notices":[],"jetpack_sharing_enabled":true,"_links":{"self":[{"href":"https:\/\/vincentrillardon.com\/index.php\/wp-json\/wp\/v2\/product\/2500"}],"collection":[{"href":"https:\/\/vincentrillardon.com\/index.php\/wp-json\/wp\/v2\/product"}],"about":[{"href":"https:\/\/vincentrillardon.com\/index.php\/wp-json\/wp\/v2\/types\/product"}],"wp:featuredmedia":[{"embeddable":true,"href":"https:\/\/vincentrillardon.com\/index.php\/wp-json\/wp\/v2\/media\/693"}],"wp:attachment":[{"href":"https:\/\/vincentrillardon.com\/index.php\/wp-json\/wp\/v2\/media?parent=2500"}],"wp:term":[{"taxonomy":"product_cat","embeddable":true,"href":"https:\/\/vincentrillardon.com\/index.php\/wp-json\/wp\/v2\/product_cat?post=2500"},{"taxonomy":"product_tag","embeddable":true,"href":"https:\/\/vincentrillardon.com\/index.php\/wp-json\/wp\/v2\/product_tag?post=2500"}],"curies":[{"name":"wp","href":"https:\/\/api.w.org\/{rel}","templated":true}]}}